{"id":2646,"date":"2025-06-30T20:42:55","date_gmt":"2025-06-30T18:42:55","guid":{"rendered":"https:\/\/www.stromback.fi\/?page_id=2646"},"modified":"2025-06-30T22:01:16","modified_gmt":"2025-06-30T20:01:16","slug":"lyhytterapia","status":"publish","type":"page","link":"https:\/\/www.stromback.fi\/index.php\/lyhytterapia\/","title":{"rendered":"Lyhytterapia"},"content":{"rendered":"\t\t<div data-elementor-type=\"wp-page\" data-elementor-id=\"2646\" class=\"elementor elementor-2646\">\n\t\t\t\t\t\t\t\t\t<section class=\"elementor-section elementor-top-section elementor-element elementor-element-80ca910 elementor-section-boxed elementor-section-height-default elementor-section-height-default\" data-id=\"80ca910\" data-element_type=\"section\" data-settings=\"{&quot;background_background&quot;:&quot;classic&quot;}\">\n\t\t\t\t\t\t\t<div class=\"elementor-background-overlay\"><\/div>\n\t\t\t\t\t\t\t<div class=\"elementor-container elementor-column-gap-no\">\n\t\t\t\t\t<div class=\"elementor-column elementor-col-100 elementor-top-column elementor-element elementor-element-d125b48\" data-id=\"d125b48\" data-element_type=\"column\">\n\t\t\t<div class=\"elementor-widget-wrap elementor-element-populated\">\n\t\t\t\t\t\t\t\t<div class=\"elementor-element elementor-element-a9e037f elementor-widget elementor-widget-heading\" data-id=\"a9e037f\" data-element_type=\"widget\" data-widget_type=\"heading.default\">\n\t\t\t\t<div class=\"elementor-widget-container\">\n\t\t\t<style>\/*! elementor - v3.11.5 - 14-03-2023 *\/\n.elementor-heading-title{padding:0;margin:0;line-height:1}.elementor-widget-heading .elementor-heading-title[class*=elementor-size-]>a{color:inherit;font-size:inherit;line-height:inherit}.elementor-widget-heading .elementor-heading-title.elementor-size-small{font-size:15px}.elementor-widget-heading .elementor-heading-title.elementor-size-medium{font-size:19px}.elementor-widget-heading .elementor-heading-title.elementor-size-large{font-size:29px}.elementor-widget-heading .elementor-heading-title.elementor-size-xl{font-size:39px}.elementor-widget-heading .elementor-heading-title.elementor-size-xxl{font-size:59px}<\/style><h3 class=\"elementor-heading-title elementor-size-default\">Lyhytterapiaa arjen ja el\u00e4m\u00e4n tueksi<\/h3>\t\t<\/div>\n\t\t\t\t<\/div>\n\t\t\t\t<div class=\"elementor-element elementor-element-372c729 elementor-widget elementor-widget-text-editor\" data-id=\"372c729\" data-element_type=\"widget\" data-widget_type=\"text-editor.default\">\n\t\t\t\t<div class=\"elementor-widget-container\">\n\t\t\t<style>\/*! elementor - v3.11.5 - 14-03-2023 *\/\n.elementor-widget-text-editor.elementor-drop-cap-view-stacked .elementor-drop-cap{background-color:#818a91;color:#fff}.elementor-widget-text-editor.elementor-drop-cap-view-framed .elementor-drop-cap{color:#818a91;border:3px solid;background-color:transparent}.elementor-widget-text-editor:not(.elementor-drop-cap-view-default) .elementor-drop-cap{margin-top:8px}.elementor-widget-text-editor:not(.elementor-drop-cap-view-default) .elementor-drop-cap-letter{width:1em;height:1em}.elementor-widget-text-editor .elementor-drop-cap{float:left;text-align:center;line-height:1;font-size:50px}.elementor-widget-text-editor .elementor-drop-cap-letter{display:inline-block}<\/style>\t\t\t\t\t\t\t\t\t\t<\/div>\n\t\t\t\t<\/div>\n\t\t\t\t\t<\/div>\n\t\t<\/div>\n\t\t\t\t\t\t\t<\/div>\n\t\t<\/section>\n\t\t\t\t<section class=\"elementor-section elementor-top-section elementor-element elementor-element-2c39bf4 elementor-section-boxed elementor-section-height-default elementor-section-height-default\" data-id=\"2c39bf4\" data-element_type=\"section\">\n\t\t\t\t\t\t<div class=\"elementor-container elementor-column-gap-default\">\n\t\t\t\t\t<div class=\"elementor-column elementor-col-100 elementor-top-column elementor-element elementor-element-71ab70b\" data-id=\"71ab70b\" data-element_type=\"column\" data-settings=\"{&quot;background_background&quot;:&quot;classic&quot;}\">\n\t\t\t<div class=\"elementor-widget-wrap elementor-element-populated\">\n\t\t\t\t\t\t\t\t<div class=\"elementor-element elementor-element-30e574e elementor-widget elementor-widget-heading\" data-id=\"30e574e\" data-element_type=\"widget\" data-widget_type=\"heading.default\">\n\t\t\t\t<div class=\"elementor-widget-container\">\n\t\t\t<h2 class=\"elementor-heading-title elementor-size-default\">Tervetuloa vastaanotolleni \u2013 juuri sellaisena kuin olet<\/h2>\t\t<\/div>\n\t\t\t\t<\/div>\n\t\t\t\t<div class=\"elementor-element elementor-element-92b605a elementor-widget elementor-widget-text-editor\" data-id=\"92b605a\" data-element_type=\"widget\" data-widget_type=\"text-editor.default\">\n\t\t\t\t<div class=\"elementor-widget-container\">\n\t\t\t\t\t\t\t<p><span style=\"font-weight: 400;\">Kaipaatko selkeytt\u00e4 ajatuksiin, tukea arjen kuormitukseen tai tilaa pys\u00e4hty\u00e4 el\u00e4m\u00e4ntilanteesi \u00e4\u00e4relle? Lyhytterapia tarjoaa matalan kynnyksen keskustelutukea silloin, kun etsit muutosta, kevennyst\u00e4 tai vahvistusta omaan suuntaasi.<\/span><\/p><p><span style=\"font-weight: 400;\">Terapia ei vaadi l\u00e4hetett\u00e4, diagnoosia tai pitk\u00e4\u00e4 sitoutumista \u2013 t\u00e4rkeint\u00e4 on sinun tarpeesi tulla kuulluksi ja kohdatuksi.<\/span><\/p>\t\t\t\t\t\t<\/div>\n\t\t\t\t<\/div>\n\t\t\t\t<div class=\"elementor-element elementor-element-02923d5 elementor-widget elementor-widget-heading\" data-id=\"02923d5\" data-element_type=\"widget\" data-widget_type=\"heading.default\">\n\t\t\t\t<div class=\"elementor-widget-container\">\n\t\t\t<h2 class=\"elementor-heading-title elementor-size-default\">Kenelle lyhytterapia sopii?<\/h2>\t\t<\/div>\n\t\t\t\t<\/div>\n\t\t\t\t<div class=\"elementor-element elementor-element-e7aa0d4 elementor-widget elementor-widget-text-editor\" data-id=\"e7aa0d4\" data-element_type=\"widget\" data-widget_type=\"text-editor.default\">\n\t\t\t\t<div class=\"elementor-widget-container\">\n\t\t\t\t\t\t\t<p><span style=\"font-weight: 400;\">Lyhytterapia voi auttaa esimerkiksi seuraavissa tilanteissa:<\/span><\/p><ul><li style=\"font-weight: 400;\" aria-level=\"1\"><span style=\"font-weight: 400;\">Kuormitus, stressi tai palautumisen haasteet<\/span><span style=\"font-weight: 400;\"><br \/><\/span><\/li><li style=\"font-weight: 400;\" aria-level=\"1\"><span style=\"font-weight: 400;\">Ty\u00f6h\u00f6n tai ihmissuhteisiin liittyv\u00e4t vaikeudet<\/span><span style=\"font-weight: 400;\"><br \/><\/span><\/li><li style=\"font-weight: 400;\" aria-level=\"1\"><span style=\"font-weight: 400;\">El\u00e4m\u00e4nkriisit tai \u00e4killiset muutostilanteet<\/span><span style=\"font-weight: 400;\"><br \/><\/span><\/li><li style=\"font-weight: 400;\" aria-level=\"1\"><span style=\"font-weight: 400;\">Itsetunnon vahvistaminen, omien rajojen hahmottaminen<\/span><span style=\"font-weight: 400;\"><br \/><\/span><\/li><li style=\"font-weight: 400;\" aria-level=\"1\"><span style=\"font-weight: 400;\">Toive muutoksesta \u2013 mutta suunta viel\u00e4 ep\u00e4selv\u00e4<\/span><span style=\"font-weight: 400;\"><br \/><\/span><\/li><\/ul><p><span style=\"font-weight: 400;\">Terapia voi olla yksitt\u00e4inen tapaaminen tai muutaman kerran prosessi. Jokainen kohtaaminen on ainutlaatuinen ja juuri sinun tilanteeseen sovitettu.<\/span><\/p>\t\t\t\t\t\t<\/div>\n\t\t\t\t<\/div>\n\t\t\t\t<div class=\"elementor-element elementor-element-549b38a elementor-widget elementor-widget-heading\" data-id=\"549b38a\" data-element_type=\"widget\" data-widget_type=\"heading.default\">\n\t\t\t\t<div class=\"elementor-widget-container\">\n\t\t\t<h2 class=\"elementor-heading-title elementor-size-default\">L\u00e4hestymistapani \u2013 ratkaisuja, jotka nousevat sinusta<\/h2>\t\t<\/div>\n\t\t\t\t<\/div>\n\t\t\t\t<div class=\"elementor-element elementor-element-46bca20 elementor-widget elementor-widget-text-editor\" data-id=\"46bca20\" data-element_type=\"widget\" data-widget_type=\"text-editor.default\">\n\t\t\t\t<div class=\"elementor-widget-container\">\n\t\t\t\t\t\t\t<p><span style=\"font-weight: 400;\">Hy\u00f6dynn\u00e4n ty\u00f6ss\u00e4ni <\/span><b>ratkaisukeskeist\u00e4<\/b><span style=\"font-weight: 400;\"> ja <\/span><b>voimavaral\u00e4ht\u00f6ist\u00e4<\/b><span style=\"font-weight: 400;\"> otetta:<\/span><\/p><ul><li style=\"font-weight: 400;\" aria-level=\"1\"><span style=\"font-weight: 400;\">Keskitymme siihen, mik\u00e4 toimii ja mit\u00e4 kohti haluat kulkea<\/span><span style=\"font-weight: 400;\"><br \/><\/span><\/li><li style=\"font-weight: 400;\" aria-level=\"1\"><span style=\"font-weight: 400;\">Rakennamme yhdess\u00e4 arkeesi konkreettisia, my\u00f6nteisi\u00e4 muutoksia<\/span><span style=\"font-weight: 400;\"><br \/><\/span><\/li><li style=\"font-weight: 400;\" aria-level=\"1\"><span style=\"font-weight: 400;\">Kunnioitamme sinun omaa tahtiasi ja asiantuntijuuttasi omassa el\u00e4m\u00e4ss\u00e4si<\/span><span style=\"font-weight: 400;\"><br \/><\/span><\/li><\/ul><p><span style=\"font-weight: 400;\">Tavoitteeni on luoda turvallinen, l\u00e4mmin ja toivoa vahvistava tila, jossa voit tarkastella tilannettasi rauhassa ja l\u00f6yt\u00e4\u00e4 itsest\u00e4si keinoja eteenp\u00e4in.<\/span><\/p>\t\t\t\t\t\t<\/div>\n\t\t\t\t<\/div>\n\t\t\t\t<div class=\"elementor-element elementor-element-16b2b03 elementor-widget elementor-widget-heading\" data-id=\"16b2b03\" data-element_type=\"widget\" data-widget_type=\"heading.default\">\n\t\t\t\t<div class=\"elementor-widget-container\">\n\t\t\t<h2 class=\"elementor-heading-title elementor-size-default\">Tapaamiset ja ajanvaraus\n<\/h2>\t\t<\/div>\n\t\t\t\t<\/div>\n\t\t\t\t<div class=\"elementor-element elementor-element-92606ab elementor-widget elementor-widget-text-editor\" data-id=\"92606ab\" data-element_type=\"widget\" data-widget_type=\"text-editor.default\">\n\t\t\t\t<div class=\"elementor-widget-container\">\n\t\t\t\t\t\t\t<p><span style=\"font-weight: 400;\">\ud83d\udccd Vastaanotto et\u00e4n\u00e4 tai Turun keskustassa. <\/span><span style=\"font-weight: 400;\"><br \/><\/span><span style=\"font-weight: 400;\"> \u23f1 Kesto: 45 min<\/span><span style=\"font-weight: 400;\"><br \/><\/span><span style=\"font-weight: 400;\"> \ud83d\udcb6 Hinta: 45\u20ac \/45 min, 55\u20ac\/60min tai 70\u20ac\/90min<\/span><\/p><p><span style=\"font-weight: 400;\">Hinnat sis\u00e4lt\u00e4v\u00e4t alv 25,5%. Tutustumistapaaminen 30min maksuton et\u00e4n\u00e4.<\/span><b>\u00a0<\/b><\/p><p><span style=\"font-weight: 400;\">\ud83d\udc49 <\/span><b>Varaa aika helposti t\u00e4st\u00e4:<\/b> <a href=\"https:\/\/www.stromback.fi\/index.php\/booking\/\"><span style=\"font-weight: 400;\">https:\/\/www.stromback.fi\/index.php\/booking\/<\/span><\/a> <span style=\"font-weight: 400;\"><br \/><\/span><span style=\"font-weight: 400;\"> \ud83d\udce9 Voit my\u00f6s olla yhteydess\u00e4 s\u00e4hk\u00f6postitse: <\/span><a href=\"mailto:johanna@stromback.fi\"><span style=\"font-weight: 400;\">johanna@stromback.fi<\/span><\/a><\/p>\t\t\t\t\t\t<\/div>\n\t\t\t\t<\/div>\n\t\t\t\t<div class=\"elementor-element elementor-element-e82004b elementor-widget elementor-widget-text-editor\" data-id=\"e82004b\" data-element_type=\"widget\" data-widget_type=\"text-editor.default\">\n\t\t\t\t<div class=\"elementor-widget-container\">\n\t\t\t\t\t\t\t<p><strong>Jos tunnet, ett\u00e4 pienikin muutos voisi helpottaa oloasi, olet jo ottanut t\u00e4rke\u00e4n askeleen. Lyhytterapia voi olla matka takaisin omien voimavarojesi \u00e4\u00e4relle.<\/strong><\/p>\t\t\t\t\t\t<\/div>\n\t\t\t\t<\/div>\n\t\t\t\t\t<\/div>\n\t\t<\/div>\n\t\t\t\t\t\t\t<\/div>\n\t\t<\/section>\n\t\t\t\t\t\t\t<\/div>\n\t\t","protected":false},"excerpt":{"rendered":"<p>Lyhytterapiaa arjen ja el\u00e4m\u00e4n tueksi Tervetuloa vastaanotolleni \u2013 juuri sellaisena kuin olet Kaipaatko selkeytt\u00e4 ajatuksiin, tukea arjen kuormitukseen tai tilaa pys\u00e4hty\u00e4 el\u00e4m\u00e4ntilanteesi \u00e4\u00e4relle? Lyhytterapia tarjoaa matalan kynnyksen keskustelutukea silloin, kun etsit muutosta, kevennyst\u00e4 tai vahvistusta omaan suuntaasi. Terapia ei vaadi l\u00e4hetett\u00e4, diagnoosia tai pitk\u00e4\u00e4 sitoutumista \u2013 t\u00e4rkeint\u00e4 on sinun tarpeesi tulla kuulluksi ja kohdatuksi. Kenelle &hellip;<\/p>\n<p class=\"read-more\"> <a class=\"\" href=\"https:\/\/www.stromback.fi\/index.php\/lyhytterapia\/\"> <span class=\"screen-reader-text\">Lyhytterapia<\/span> Read More &raquo;<\/a><\/p>\n","protected":false},"author":1,"featured_media":0,"parent":0,"menu_order":0,"comment_status":"closed","ping_status":"closed","template":"","meta":{"site-sidebar-layout":"no-sidebar","site-content-layout":"page-builder","ast-global-header-display":"","ast-main-header-display":"","ast-hfb-above-header-display":"","ast-hfb-below-header-display":"","ast-hfb-mobile-header-display":"","site-post-title":"disabled","ast-breadcrumbs-content":"","ast-featured-img":"disabled","footer-sml-layout":"","theme-transparent-header-meta":"enabled","adv-header-id-meta":"","stick-header-meta":"","header-above-stick-meta":"","header-main-stick-meta":"","header-below-stick-meta":""},"_links":{"self":[{"href":"https:\/\/www.stromback.fi\/index.php\/wp-json\/wp\/v2\/pages\/2646"}],"collection":[{"href":"https:\/\/www.stromback.fi\/index.php\/wp-json\/wp\/v2\/pages"}],"about":[{"href":"https:\/\/www.stromback.fi\/index.php\/wp-json\/wp\/v2\/types\/page"}],"author":[{"embeddable":true,"href":"https:\/\/www.stromback.fi\/index.php\/wp-json\/wp\/v2\/users\/1"}],"replies":[{"embeddable":true,"href":"https:\/\/www.stromback.fi\/index.php\/wp-json\/wp\/v2\/comments?post=2646"}],"version-history":[{"count":3,"href":"https:\/\/www.stromback.fi\/index.php\/wp-json\/wp\/v2\/pages\/2646\/revisions"}],"predecessor-version":[{"id":2745,"href":"https:\/\/www.stromback.fi\/index.php\/wp-json\/wp\/v2\/pages\/2646\/revisions\/2745"}],"wp:attachment":[{"href":"https:\/\/www.stromback.fi\/index.php\/wp-json\/wp\/v2\/media?parent=2646"}],"curies":[{"name":"wp","href":"https:\/\/api.w.org\/{rel}","templated":true}]}}